{"id":497,"date":"2022-06-23T09:38:37","date_gmt":"2022-06-23T07:38:37","guid":{"rendered":"https:\/\/solenergi.com\/kontakt\/"},"modified":"2022-08-24T14:32:24","modified_gmt":"2022-08-24T12:32:24","slug":"kontakt","status":"publish","type":"page","link":"https:\/\/solenergi.com\/da\/kontakt\/","title":{"rendered":"Kontakt"},"content":{"rendered":"<p>[et_pb_section fb_built=&#8221;1&#8243; custom_padding_last_edited=&#8221;on|phone&#8221; _builder_version=&#8221;4.18.0&#8243; _module_preset=&#8221;default&#8221; background_color=&#8221;rgba(0,0,0,0.5)&#8221; background_image=&#8221;https:\/\/solenergi.com\/wp-content\/uploads\/2022\/06\/photovoltaic-modules-solar-power-plant.jpg&#8221; background_blend=&#8221;multiply&#8221; custom_padding=&#8221;200px||200px|||&#8221; custom_padding_tablet=&#8221;200px||200px|||&#8221; custom_padding_phone=&#8221;150px||150px||false|false&#8221; bottom_divider_style=&#8221;arrow2&#8243; bottom_divider_color=&#8221;#FFFFFF&#8221; global_colors_info=&#8221;{}&#8221;][et_pb_row column_structure=&#8221;1_2,1_2&#8243; _builder_version=&#8221;4.17.6&#8243; _module_preset=&#8221;default&#8221; global_colors_info=&#8221;{}&#8221;][et_pb_column type=&#8221;1_2&#8243; _builder_version=&#8221;4.17.6&#8243; _module_preset=&#8221;default&#8221; global_colors_info=&#8221;{}&#8221;][et_pb_text _builder_version=&#8221;4.17.4&#8243; _module_preset=&#8221;default&#8221; header_2_font=&#8221;|||on|||||&#8221; header_2_text_color=&#8221;#f39112&#8243; custom_margin=&#8221;||10px||false|false&#8221; global_colors_info=&#8221;{}&#8221;]<\/p>\n<h2>Solenergi Danmark<\/h2>\n<p>[\/et_pb_text][et_pb_text _builder_version=&#8221;4.17.4&#8243; _module_preset=&#8221;default&#8221; header_font=&#8221;|700||on|||||&#8221; header_text_color=&#8221;#FFFFFF&#8221; header_font_size=&#8221;50px&#8221; custom_margin=&#8221;||0px||false|false&#8221; header_font_size_tablet=&#8221;50px&#8221; header_font_size_phone=&#8221;40px&#8221; header_font_size_last_edited=&#8221;on|phone&#8221; global_colors_info=&#8221;{}&#8221;]<\/p>\n<h1 class=\"et_pb_module_header et-fb-editable-element et-fb-editable-element__editing\" data-shortcode-id=\"1.0-1654594627786\" data-quickaccess-id=\"title\" contenteditable=\"true\">Kontakt os<\/h1>\n<p>[\/et_pb_text][et_pb_divider color=&#8221;#f39112&#8243; divider_weight=&#8221;4px&#8221; _builder_version=&#8221;4.17.4&#8243; _module_preset=&#8221;default&#8221; width=&#8221;20%&#8221; width_tablet=&#8221;15%&#8221; width_phone=&#8221;20%&#8221; width_last_edited=&#8221;on|phone&#8221; custom_margin=&#8221;||0px||false|false&#8221; custom_padding=&#8221;15px||10px||false|false&#8221; global_colors_info=&#8221;{}&#8221;][\/et_pb_divider][et_pb_text _builder_version=&#8221;4.17.4&#8243; _module_preset=&#8221;default&#8221; text_text_color=&#8221;#FFFFFF&#8221; text_font_size=&#8221;18px&#8221; global_colors_info=&#8221;{}&#8221;]<\/p>\n<p>Vi laver projekter over hele verden, og du kan kontakte os p\u00e5 mailen ovenfor.<\/p>\n<p>Du kan ogs\u00e5 kontakte vores mellem\u00f8stlige landeledere, som kan svare p\u00e5 arabisk og kurdisk.<\/p>\n<p>Vi ser frem til at h\u00f8re fra dig.<\/p>\n<p>[\/et_pb_text][dsm_button button_one_text=&#8221;Kontakt os&#8221; _builder_version=&#8221;4.17.4&#8243; _module_preset=&#8221;default&#8221; custom_button_one=&#8221;on&#8221; button_one_text_color=&#8221;#FFFFFF&#8221; button_one_bg_color=&#8221;#f39112&#8243; button_one_border_width=&#8221;0px&#8221; button_one_border_radius=&#8221;25px&#8221; custom_button_two=&#8221;on&#8221; button_two_text_color=&#8221;#FFFFFF&#8221; button_two_bg_color=&#8221;#f39112&#8243; button_two_border_width=&#8221;0px&#8221; button_two_border_radius=&#8221;25px&#8221; global_colors_info=&#8221;{}&#8221;][\/dsm_button][\/et_pb_column][et_pb_column type=&#8221;1_2&#8243; _builder_version=&#8221;4.17.4&#8243; _module_preset=&#8221;default&#8221; global_colors_info=&#8221;{}&#8221;][\/et_pb_column][\/et_pb_row][\/et_pb_section][et_pb_section fb_built=&#8221;1&#8243; custom_padding_last_edited=&#8221;on|phone&#8221; _builder_version=&#8221;4.18.0&#8243; _module_preset=&#8221;default&#8221; custom_padding=&#8221;60px||60px|||&#8221; custom_padding_tablet=&#8221;60px||60px|||&#8221; custom_padding_phone=&#8221;60px||60px|||&#8221; global_colors_info=&#8221;{}&#8221;][et_pb_row column_structure=&#8221;1_2,1_2&#8243; _builder_version=&#8221;4.17.4&#8243; _module_preset=&#8221;default&#8221; global_colors_info=&#8221;{}&#8221;][et_pb_column type=&#8221;1_2&#8243; _builder_version=&#8221;4.17.4&#8243; _module_preset=&#8221;default&#8221; animation_style=&#8221;slide&#8221; animation_direction=&#8221;left&#8221; global_colors_info=&#8221;{}&#8221;][et_pb_text _builder_version=&#8221;4.17.4&#8243; _module_preset=&#8221;default&#8221; header_2_font=&#8221;|700|||||||&#8221; header_2_font_size=&#8221;36px&#8221; custom_margin=&#8221;||0px||false|false&#8221; animation_style=&#8221;slide&#8221; animation_direction=&#8221;left&#8221; header_2_font_size_tablet=&#8221;36px&#8221; header_2_font_size_phone=&#8221;30px&#8221; header_2_font_size_last_edited=&#8221;on|phone&#8221; global_colors_info=&#8221;{}&#8221;]<\/p>\n<h2>Vi st\u00e5r klar til at hj\u00e6lpe dig<\/h2>\n<p>[\/et_pb_text][et_pb_divider color=&#8221;#f39112&#8243; divider_weight=&#8221;4px&#8221; _builder_version=&#8221;4.17.4&#8243; _module_preset=&#8221;default&#8221; width=&#8221;15%&#8221; width_tablet=&#8221;15%&#8221; width_phone=&#8221;20%&#8221; width_last_edited=&#8221;on|phone&#8221; custom_margin=&#8221;||0px||false|false&#8221; custom_padding=&#8221;15px||15px||true|false&#8221; global_colors_info=&#8221;{}&#8221;][\/et_pb_divider][et_pb_blurb use_icon=&#8221;on&#8221; font_icon=&#8221;&#xe081;||divi||400&#8243; icon_color=&#8221;#f39112&#8243; icon_placement=&#8221;left&#8221; image_icon_width=&#8221;26px&#8221; _builder_version=&#8221;4.17.4&#8243; _module_preset=&#8221;default&#8221; body_font_size=&#8221;18px&#8221; custom_margin=&#8221;||10px||false|false&#8221; global_colors_info=&#8221;{}&#8221;]<\/p>\n<p><span>Dybdalsgave 19, <br \/>7700 Thisted<\/span><\/p>\n<p>[\/et_pb_blurb][et_pb_blurb use_icon=&#8221;on&#8221; font_icon=&#8221;&#xf879;||fa||900&#8243; icon_color=&#8221;#f39112&#8243; icon_placement=&#8221;left&#8221; image_icon_width=&#8221;26px&#8221; _builder_version=&#8221;4.18.0&#8243; _module_preset=&#8221;default&#8221; body_font_size=&#8221;18px&#8221; body_link_text_color=&#8221;#666666&#8243; custom_margin=&#8221;||15px||false|false&#8221; global_colors_info=&#8221;{}&#8221;]<\/p>\n<p><a href=\"tel:50%20720%20700\">(+45) 50 720 700<\/a><\/p>\n<p>[\/et_pb_blurb][et_pb_blurb use_icon=&#8221;on&#8221; font_icon=&#8221;&#xe076;||divi||400&#8243; icon_color=&#8221;#f39112&#8243; icon_placement=&#8221;left&#8221; image_icon_width=&#8221;26px&#8221; _builder_version=&#8221;4.17.4&#8243; _module_preset=&#8221;default&#8221; body_font_size=&#8221;18px&#8221; custom_margin=&#8221;||10px||false|false&#8221; global_colors_info=&#8221;{}&#8221;]<\/p>\n<p><span>info@solenergi.com<\/span><\/p>\n<p>[\/et_pb_blurb][et_pb_divider color=&#8221;#f39112&#8243; divider_weight=&#8221;2px&#8221; _builder_version=&#8221;4.17.4&#8243; _module_preset=&#8221;default&#8221; width=&#8221;85%&#8221; custom_margin=&#8221;||0px||false|false&#8221; custom_padding=&#8221;15px||0px||false|false&#8221; global_colors_info=&#8221;{}&#8221;][\/et_pb_divider][et_pb_text _builder_version=&#8221;4.17.6&#8243; _module_preset=&#8221;default&#8221; text_font_size=&#8221;18px&#8221; custom_margin=&#8221;||10px||false|false&#8221; custom_padding=&#8221;20px||||false|false&#8221; global_colors_info=&#8221;{}&#8221;]<\/p>\n<p><b>Anders Ztorm <\/b>(Salgs og Adm. Direkt\u00f8r)<\/p>\n<p>[\/et_pb_text][et_pb_blurb use_icon=&#8221;on&#8221; font_icon=&#8221;&#xf879;||fa||900&#8243; icon_color=&#8221;#f39112&#8243; icon_placement=&#8221;left&#8221; image_icon_width=&#8221;26px&#8221; _builder_version=&#8221;4.18.0&#8243; _module_preset=&#8221;default&#8221; body_font_size=&#8221;18px&#8221; body_link_text_color=&#8221;#666666&#8243; custom_margin=&#8221;||10px||false|false&#8221; hover_enabled=&#8221;0&#8243; global_colors_info=&#8221;{}&#8221; sticky_enabled=&#8221;0&#8243;]<\/p>\n<p><a href=\"tel:50%20720%20700\">(+45) 50 720 700<\/a><\/p>\n<p>[\/et_pb_blurb][et_pb_blurb use_icon=&#8221;on&#8221; font_icon=&#8221;&#xe076;||divi||400&#8243; icon_color=&#8221;#f39112&#8243; icon_placement=&#8221;left&#8221; image_icon_width=&#8221;26px&#8221; _builder_version=&#8221;4.18.0&#8243; _module_preset=&#8221;default&#8221; body_font_size=&#8221;18px&#8221; custom_margin=&#8221;||10px||false|false&#8221; global_colors_info=&#8221;{}&#8221;]<\/p>\n<p><span>az@solenergi.com<\/span><\/p>\n<p>[\/et_pb_blurb][et_pb_text _builder_version=&#8221;4.18.0&#8243; _module_preset=&#8221;default&#8221; text_font_size=&#8221;18px&#8221; custom_margin=&#8221;||11px||false|false&#8221; custom_padding=&#8221;15px||||false|false&#8221; global_colors_info=&#8221;{}&#8221;]<\/p>\n<p><span><strong>Mr. Zring Darwesh<\/strong> (Salgs Manager Mellem\u00f8sten)<\/span><\/p>\n<p>[\/et_pb_text][et_pb_blurb use_icon=&#8221;on&#8221; font_icon=&#8221;&#xe076;||divi||400&#8243; icon_color=&#8221;#f39112&#8243; icon_placement=&#8221;left&#8221; image_icon_width=&#8221;26px&#8221; _builder_version=&#8221;4.17.4&#8243; _module_preset=&#8221;default&#8221; body_font_size=&#8221;18px&#8221; custom_margin=&#8221;||10px||false|false&#8221; global_colors_info=&#8221;{}&#8221;]<\/p>\n<p><span>zd@solenergi.com<\/span><\/p>\n<p>[\/et_pb_blurb][et_pb_blurb use_icon=&#8221;on&#8221; font_icon=&#8221;&#xf879;||fa||900&#8243; icon_color=&#8221;#f39112&#8243; icon_placement=&#8221;left&#8221; image_icon_width=&#8221;26px&#8221; _builder_version=&#8221;4.18.0&#8243; _module_preset=&#8221;default&#8221; body_font_size=&#8221;18px&#8221; body_link_text_color=&#8221;#666666&#8243; global_colors_info=&#8221;{}&#8221;]<\/p>\n<p><a href=\"tel:53%20761%20977\">(+45) 53 761 977<\/a><\/p>\n<p>[\/et_pb_blurb][\/et_pb_column][et_pb_column type=&#8221;1_2&#8243; _builder_version=&#8221;4.17.4&#8243; _module_preset=&#8221;default&#8221; animation_style=&#8221;slide&#8221; global_colors_info=&#8221;{}&#8221;][dsm_contact_form_7 cf7_library=&#8221;174&#8243; button_alignment=&#8221;right&#8221; input_background_color=&#8221;RGBA(255,255,255,0)&#8221; _builder_version=&#8221;4.17.6&#8243; _module_preset=&#8221;default&#8221; input_textarea_select_font_size=&#8221;16px&#8221; custom_button_one=&#8221;on&#8221; button_one_text_color=&#8221;#FFFFFF&#8221; button_one_bg_color=&#8221;#f39112&#8243; button_one_border_width=&#8221;0px&#8221; button_one_border_radius=&#8221;25px&#8221; button_one_icon=&#8221;&#xe010;||divi||400&#8243; border_width_bottom_image=&#8221;2px&#8221; border_color_bottom_image=&#8221;#f39112&#8243; global_colors_info=&#8221;{}&#8221;][\/dsm_contact_form_7][\/et_pb_column][\/et_pb_row][\/et_pb_section][et_pb_section fb_built=&#8221;1&#8243; fullwidth=&#8221;on&#8221; _builder_version=&#8221;4.17.4&#8243; _module_preset=&#8221;default&#8221; animation_style=&#8221;fade&#8221; border_width_top=&#8221;4px&#8221; border_color_top=&#8221;#f39112&#8243; global_colors_info=&#8221;{}&#8221;][et_pb_fullwidth_code _builder_version=&#8221;4.17.4&#8243; _module_preset=&#8221;default&#8221; global_colors_info=&#8221;{}&#8221;]<iframe src=\"https:\/\/www.google.com\/maps\/embed?pb=!1m18!1m12!1m3!1d98589.5463371896!2d8.472308616245327!3d56.90524258204888!2m3!1f0!2f0!3f0!3m2!1i1024!2i768!4f13.1!3m3!1m2!1s0x464996e79f204969%3A0xa5e75d821e814c83!2sDybdalsgave%2019%2C%207700%20Thisted!5e0!3m2!1sda!2sdk!4v1655988702734!5m2!1sda!2sdk\" width=\"100%\" height=\"450\" style=\"border:0;\" allowfullscreen=\"\" loading=\"lazy\" referrerpolicy=\"no-referrer-when-downgrade\"><\/iframe>[\/et_pb_fullwidth_code][\/et_pb_section]<\/p>\n","protected":false},"excerpt":{"rendered":"<p>Solenergi DanmarkKontakt osVi laver projekter over hele verden, og du kan kontakte os p\u00e5 mailen ovenfor. Du kan ogs\u00e5 kontakte vores mellem\u00f8stlige landeledere, som kan svare p\u00e5 arabisk og kurdisk. Vi ser frem til at h\u00f8re fra dig.<div class=\"et_pb_module dsm_button dsm_button_0 et_pb_bg_layout_light\">\n\t\t\t\t\n\t\t\t\t\n\t\t\t\t\n\t\t\t\t\n\t\t\t\t\n\t\t\t\t\n\t\t\t\t<div class=\"et_pb_module_inner\">\n\t\t\t\t\t<div class=\"et_pb_button_module_wrappers dsm_button_0_wrapper  et_pb_module\">\n\t\t\t\t<a class=\"et_pb_button et_pb_button_one et_pb_bg_layout_light dsm-none \"  href=\"\" data-dsm-lightbox-id=\"dsm_button_one_lightbox dsm_button_0\">Kontakt os<\/a>\n\t\t\t<\/div>\n\t\t\t\t<\/div>\n\t\t\t<\/div>Vi st\u00e5r klar [&hellip;]<\/p>\n","protected":false},"author":1,"featured_media":0,"parent":0,"menu_order":0,"comment_status":"closed","ping_status":"closed","template":"","meta":{"_et_pb_use_builder":"on","_et_pb_old_content":"","_et_gb_content_width":"","inline_featured_image":false,"footnotes":""},"yoast_head":"<!-- This site is optimized with the Yoast SEO plugin v22.5 - https:\/\/yoast.com\/wordpress\/plugins\/seo\/ -->\n<title>Kontakt | Solenergi Danmark<\/title>\n<meta name=\"description\" content=\"Vi laver projekter over hele verden, og du kan kontakte os p\u00e5 mailen ovenfor. Vi ser frem til at h\u00f8re fra dig.\" \/>\n<meta name=\"robots\" content=\"index, follow, max-snippet:-1, max-image-preview:large, max-video-preview:-1\" \/>\n<link rel=\"canonical\" href=\"https:\/\/solenergi.com\/da\/kontakt\/\" \/>\n<meta property=\"og:locale\" content=\"da_DK\" \/>\n<meta property=\"og:type\" content=\"article\" \/>\n<meta property=\"og:title\" content=\"Kontakt | Solenergi Danmark\" \/>\n<meta property=\"og:description\" content=\"Vi laver projekter over hele verden, og du kan kontakte os p\u00e5 mailen ovenfor. Vi ser frem til at h\u00f8re fra dig.\" \/>\n<meta property=\"og:url\" content=\"https:\/\/solenergi.com\/da\/kontakt\/\" \/>\n<meta property=\"og:site_name\" content=\"Solenergi Danmark\" \/>\n<meta property=\"article:publisher\" content=\"https:\/\/www.facebook.com\/SolenergiDanmark\" \/>\n<meta property=\"article:modified_time\" content=\"2022-08-24T12:32:24+00:00\" \/>\n<meta name=\"twitter:card\" content=\"summary_large_image\" \/>\n<meta name=\"twitter:label1\" content=\"Estimeret l\u00e6setid\" \/>\n\t<meta name=\"twitter:data1\" content=\"5 minutter\" \/>\n<script type=\"application\/ld+json\" class=\"yoast-schema-graph\">{\"@context\":\"https:\/\/schema.org\",\"@graph\":[{\"@type\":\"WebPage\",\"@id\":\"https:\/\/solenergi.com\/da\/kontakt\/\",\"url\":\"https:\/\/solenergi.com\/da\/kontakt\/\",\"name\":\"Kontakt | Solenergi Danmark\",\"isPartOf\":{\"@id\":\"https:\/\/solenergi.com\/da\/#website\"},\"datePublished\":\"2022-06-23T07:38:37+00:00\",\"dateModified\":\"2022-08-24T12:32:24+00:00\",\"description\":\"Vi laver projekter over hele verden, og du kan kontakte os p\u00e5 mailen ovenfor. Vi ser frem til at h\u00f8re fra dig.\",\"breadcrumb\":{\"@id\":\"https:\/\/solenergi.com\/da\/kontakt\/#breadcrumb\"},\"inLanguage\":\"da-DK\",\"potentialAction\":[{\"@type\":\"ReadAction\",\"target\":[\"https:\/\/solenergi.com\/da\/kontakt\/\"]}]},{\"@type\":\"BreadcrumbList\",\"@id\":\"https:\/\/solenergi.com\/da\/kontakt\/#breadcrumb\",\"itemListElement\":[{\"@type\":\"ListItem\",\"position\":1,\"name\":\"Hjem\",\"item\":\"https:\/\/solenergi.com\/da\/\"},{\"@type\":\"ListItem\",\"position\":2,\"name\":\"Kontakt\"}]},{\"@type\":\"WebSite\",\"@id\":\"https:\/\/solenergi.com\/da\/#website\",\"url\":\"https:\/\/solenergi.com\/da\/\",\"name\":\"Solenergi Danmark\",\"description\":\"\",\"potentialAction\":[{\"@type\":\"SearchAction\",\"target\":{\"@type\":\"EntryPoint\",\"urlTemplate\":\"https:\/\/solenergi.com\/da\/?s={search_term_string}\"},\"query-input\":\"required name=search_term_string\"}],\"inLanguage\":\"da-DK\"}]}<\/script>\n<!-- \/ Yoast SEO plugin. -->","yoast_head_json":{"title":"Kontakt | Solenergi Danmark","description":"Vi laver projekter over hele verden, og du kan kontakte os p\u00e5 mailen ovenfor. Vi ser frem til at h\u00f8re fra dig.","robots":{"index":"index","follow":"follow","max-snippet":"max-snippet:-1","max-image-preview":"max-image-preview:large","max-video-preview":"max-video-preview:-1"},"canonical":"https:\/\/solenergi.com\/da\/kontakt\/","og_locale":"da_DK","og_type":"article","og_title":"Kontakt | Solenergi Danmark","og_description":"Vi laver projekter over hele verden, og du kan kontakte os p\u00e5 mailen ovenfor. Vi ser frem til at h\u00f8re fra dig.","og_url":"https:\/\/solenergi.com\/da\/kontakt\/","og_site_name":"Solenergi Danmark","article_publisher":"https:\/\/www.facebook.com\/SolenergiDanmark","article_modified_time":"2022-08-24T12:32:24+00:00","twitter_card":"summary_large_image","twitter_misc":{"Estimeret l\u00e6setid":"5 minutter"},"schema":{"@context":"https:\/\/schema.org","@graph":[{"@type":"WebPage","@id":"https:\/\/solenergi.com\/da\/kontakt\/","url":"https:\/\/solenergi.com\/da\/kontakt\/","name":"Kontakt | Solenergi Danmark","isPartOf":{"@id":"https:\/\/solenergi.com\/da\/#website"},"datePublished":"2022-06-23T07:38:37+00:00","dateModified":"2022-08-24T12:32:24+00:00","description":"Vi laver projekter over hele verden, og du kan kontakte os p\u00e5 mailen ovenfor. Vi ser frem til at h\u00f8re fra dig.","breadcrumb":{"@id":"https:\/\/solenergi.com\/da\/kontakt\/#breadcrumb"},"inLanguage":"da-DK","potentialAction":[{"@type":"ReadAction","target":["https:\/\/solenergi.com\/da\/kontakt\/"]}]},{"@type":"BreadcrumbList","@id":"https:\/\/solenergi.com\/da\/kontakt\/#breadcrumb","itemListElement":[{"@type":"ListItem","position":1,"name":"Hjem","item":"https:\/\/solenergi.com\/da\/"},{"@type":"ListItem","position":2,"name":"Kontakt"}]},{"@type":"WebSite","@id":"https:\/\/solenergi.com\/da\/#website","url":"https:\/\/solenergi.com\/da\/","name":"Solenergi Danmark","description":"","potentialAction":[{"@type":"SearchAction","target":{"@type":"EntryPoint","urlTemplate":"https:\/\/solenergi.com\/da\/?s={search_term_string}"},"query-input":"required name=search_term_string"}],"inLanguage":"da-DK"}]}},"jetpack_sharing_enabled":true,"_links":{"self":[{"href":"https:\/\/solenergi.com\/da\/wp-json\/wp\/v2\/pages\/497"}],"collection":[{"href":"https:\/\/solenergi.com\/da\/wp-json\/wp\/v2\/pages"}],"about":[{"href":"https:\/\/solenergi.com\/da\/wp-json\/wp\/v2\/types\/page"}],"author":[{"embeddable":true,"href":"https:\/\/solenergi.com\/da\/wp-json\/wp\/v2\/users\/1"}],"replies":[{"embeddable":true,"href":"https:\/\/solenergi.com\/da\/wp-json\/wp\/v2\/comments?post=497"}],"version-history":[{"count":4,"href":"https:\/\/solenergi.com\/da\/wp-json\/wp\/v2\/pages\/497\/revisions"}],"predecessor-version":[{"id":602,"href":"https:\/\/solenergi.com\/da\/wp-json\/wp\/v2\/pages\/497\/revisions\/602"}],"wp:attachment":[{"href":"https:\/\/solenergi.com\/da\/wp-json\/wp\/v2\/media?parent=497"}],"curies":[{"name":"wp","href":"https:\/\/api.w.org\/{rel}","templated":true}]}}