{"id":494,"date":"2022-06-23T09:39:27","date_gmt":"2022-06-23T07:39:27","guid":{"rendered":"https:\/\/solenergi.com\/om-os\/"},"modified":"2022-08-24T14:31:51","modified_gmt":"2022-08-24T12:31:51","slug":"om-os","status":"publish","type":"page","link":"https:\/\/solenergi.com\/da\/om-os\/","title":{"rendered":"Om Os"},"content":{"rendered":"<p>[et_pb_section fb_built=&#8221;1&#8243; _builder_version=&#8221;4.18.0&#8243; _module_preset=&#8221;default&#8221; background_color=&#8221;rgba(0,0,0,0.5)&#8221; background_image=&#8221;https:\/\/solenergi.com\/wp-content\/uploads\/2022\/06\/solar-cell-panel-country-mountain-landscape-1.jpg&#8221; background_blend=&#8221;multiply&#8221; custom_padding=&#8221;200px||200px|||&#8221; bottom_divider_style=&#8221;arrow2&#8243; bottom_divider_color=&#8221;#FFFFFF&#8221; hover_enabled=&#8221;0&#8243; global_colors_info=&#8221;{}&#8221; custom_padding_last_edited=&#8221;on|phone&#8221; sticky_enabled=&#8221;0&#8243; custom_padding_phone=&#8221;150px||150px||true|false&#8221; custom_padding_tablet=&#8221;200px||200px|||&#8221;][et_pb_row column_structure=&#8221;1_2,1_2&#8243; _builder_version=&#8221;4.17.6&#8243; _module_preset=&#8221;default&#8221; global_colors_info=&#8221;{}&#8221;][et_pb_column type=&#8221;1_2&#8243; _builder_version=&#8221;4.17.6&#8243; _module_preset=&#8221;default&#8221; global_colors_info=&#8221;{}&#8221;][et_pb_text _builder_version=&#8221;4.17.4&#8243; _module_preset=&#8221;default&#8221; header_2_font=&#8221;|||on|||||&#8221; header_2_text_color=&#8221;#f39112&#8243; custom_margin=&#8221;||10px||false|false&#8221; global_colors_info=&#8221;{}&#8221;]<\/p>\n<h2>Om Solenergi Danmark<\/h2>\n<p>[\/et_pb_text][et_pb_text _builder_version=&#8221;4.17.4&#8243; _module_preset=&#8221;default&#8221; header_font=&#8221;|700||on|||||&#8221; header_text_color=&#8221;#FFFFFF&#8221; header_font_size=&#8221;50px&#8221; custom_margin=&#8221;||0px||false|false&#8221; header_font_size_tablet=&#8221;50px&#8221; header_font_size_phone=&#8221;40px&#8221; header_font_size_last_edited=&#8221;on|phone&#8221; global_colors_info=&#8221;{}&#8221;]<\/p>\n<h1 class=\"et_pb_module_header et-fb-editable-element et-fb-editable-element__editing\" data-shortcode-id=\"1.0-1654594627786\" data-quickaccess-id=\"title\" contenteditable=\"true\"><strong>Energiprojekter siden 2003<\/strong><\/h1>\n<p>[\/et_pb_text][et_pb_divider color=&#8221;#f39112&#8243; divider_weight=&#8221;4px&#8221; _builder_version=&#8221;4.17.4&#8243; _module_preset=&#8221;default&#8221; width=&#8221;20%&#8221; width_tablet=&#8221;15%&#8221; width_phone=&#8221;20%&#8221; width_last_edited=&#8221;on|phone&#8221; custom_margin=&#8221;||0px||false|false&#8221; custom_padding=&#8221;15px||10px||false|false&#8221; global_colors_info=&#8221;{}&#8221;][\/et_pb_divider][et_pb_text _builder_version=&#8221;4.17.4&#8243; _module_preset=&#8221;default&#8221; text_text_color=&#8221;#FFFFFF&#8221; text_font_size=&#8221;18px&#8221; global_colors_info=&#8221;{}&#8221;]<\/p>\n<p><span>Vi er fokuseret p\u00e5 konsekvent, b\u00e6redygtigt og succesfuldt at levere energil\u00f8sninger til at bek\u00e6mpe forurening og klima\u00e6ndringer og skabe et rent<\/span> <span>fossilfrit samfund og fremtid for vores b\u00f8rn og b\u00f8rneb\u00f8rn.<\/span><\/p>\n<p>[\/et_pb_text][dsm_button button_one_text=&#8221;Kontakt os&#8221; button_one_url=&#8221;https:\/\/solenergi.com\/da\/kontakt\/&#8221; _builder_version=&#8221;4.17.4&#8243; _module_preset=&#8221;default&#8221; custom_button_one=&#8221;on&#8221; button_one_text_color=&#8221;#FFFFFF&#8221; button_one_bg_color=&#8221;#f39112&#8243; button_one_border_width=&#8221;0px&#8221; button_one_border_radius=&#8221;25px&#8221; custom_button_two=&#8221;on&#8221; button_two_text_color=&#8221;#FFFFFF&#8221; button_two_bg_color=&#8221;#f39112&#8243; button_two_border_width=&#8221;0px&#8221; button_two_border_radius=&#8221;25px&#8221; global_colors_info=&#8221;{}&#8221;][\/dsm_button][\/et_pb_column][et_pb_column type=&#8221;1_2&#8243; _builder_version=&#8221;4.17.4&#8243; _module_preset=&#8221;default&#8221; global_colors_info=&#8221;{}&#8221;][\/et_pb_column][\/et_pb_row][\/et_pb_section][et_pb_section fb_built=&#8221;1&#8243; _builder_version=&#8221;4.18.0&#8243; _module_preset=&#8221;default&#8221; custom_padding=&#8221;80px||60px|||&#8221; hover_enabled=&#8221;0&#8243; global_colors_info=&#8221;{}&#8221; custom_padding_last_edited=&#8221;on|phone&#8221; custom_padding_phone=&#8221;50px||20px||false|false&#8221; sticky_enabled=&#8221;0&#8243; custom_padding_tablet=&#8221;80px||60px|||&#8221;][et_pb_row column_structure=&#8221;1_2,1_2&#8243; use_custom_gutter=&#8221;on&#8221; gutter_width=&#8221;1&#8243; _builder_version=&#8221;4.17.6&#8243; _module_preset=&#8221;default&#8221; max_width=&#8221;80%&#8221; global_colors_info=&#8221;{}&#8221;][et_pb_column type=&#8221;1_2&#8243; _builder_version=&#8221;4.17.6&#8243; _module_preset=&#8221;default&#8221; global_colors_info=&#8221;{}&#8221;][et_pb_text _builder_version=&#8221;4.17.6&#8243; _module_preset=&#8221;default&#8221; header_2_font=&#8221;|700|||||||&#8221; header_2_font_size=&#8221;36px&#8221; animation_direction=&#8221;left&#8221; header_2_font_size_tablet=&#8221;36px&#8221; header_2_font_size_phone=&#8221;30px&#8221; header_2_font_size_last_edited=&#8221;on|phone&#8221; global_colors_info=&#8221;{}&#8221;]<\/p>\n<h2>Hvem er vi?<\/h2>\n<p>[\/et_pb_text][et_pb_divider color=&#8221;#f39112&#8243; divider_weight=&#8221;4px&#8221; _builder_version=&#8221;4.17.6&#8243; _module_preset=&#8221;default&#8221; width=&#8221;15%&#8221; width_tablet=&#8221;15%&#8221; width_phone=&#8221;20%&#8221; width_last_edited=&#8221;on|phone&#8221; custom_margin=&#8221;||0px||false|false&#8221; custom_padding=&#8221;15px||15px||true|false&#8221; global_colors_info=&#8221;{}&#8221;][\/et_pb_divider][\/et_pb_column][et_pb_column type=&#8221;1_2&#8243; _builder_version=&#8221;4.17.6&#8243; _module_preset=&#8221;default&#8221; global_colors_info=&#8221;{}&#8221;][et_pb_text _builder_version=&#8221;4.17.6&#8243; _module_preset=&#8221;default&#8221; text_font_size=&#8221;18px&#8221; global_colors_info=&#8221;{}&#8221;]<\/p>\n<p>Solenergi Danmark er indbegrebet af kvalitet, og vi har formet fremtidens energiforsyning sammen med vores kunder og partnere <strong>siden 2003<\/strong>. Vi er en global leverand\u00f8r af energil\u00f8sninger, og med vores dedikerede personale og erfaring leverer vi succesfulde projekter over hele verden.<\/p>\n<p>Vores kerneekspertise er on-grid og off-grid PV solcellesystemer, og vi tilbyder en bred vifte af installationsmuligheder lige fra sm\u00e5 private taginstallationer til store solcelleparker p\u00e5 hundredvis af MW.<\/p>\n<p>Vi installerer ogs\u00e5 batterilager til backup af b\u00e5de on-grid og off-grid systemer. Derudover leverer vi vindm\u00f8ller, varmepumper, solvarmeprojekter og meget mere og leverer disse som enkeltanl\u00e6g eller i kombination med vores \u00f8vrige anl\u00e6g.<\/p>\n<p>[\/et_pb_text][\/et_pb_column][\/et_pb_row][\/et_pb_section][et_pb_section fb_built=&#8221;1&#8243; prev_background_color=&#8221;#ffffff&#8221; _builder_version=&#8221;4.18.0&#8243; _module_preset=&#8221;default&#8221; background_color=&#8221;rgba(0,0,0,0.5)&#8221; background_image=&#8221;https:\/\/solenergi.com\/wp-content\/uploads\/2022\/06\/Panel-stor.jpg&#8221; background_blend=&#8221;multiply&#8221; custom_padding=&#8221;200px||200px|||&#8221; top_divider_style=&#8221;slant&#8221; top_divider_flip=&#8221;horizontal&#8221; bottom_divider_style=&#8221;slant&#8221; bottom_divider_color=&#8221;#FFFFFF&#8221; bottom_divider_flip=&#8221;horizontal&#8221; hover_enabled=&#8221;0&#8243; global_colors_info=&#8221;{}&#8221; custom_padding_last_edited=&#8221;on|phone&#8221; custom_padding_phone=&#8221;150px||150px||false|false&#8221; sticky_enabled=&#8221;0&#8243; custom_padding_tablet=&#8221;200px||200px|||&#8221;][et_pb_row column_structure=&#8221;1_2,1_2&#8243; _builder_version=&#8221;4.17.6&#8243; _module_preset=&#8221;default&#8221; global_colors_info=&#8221;{}&#8221;][et_pb_column type=&#8221;1_2&#8243; _builder_version=&#8221;4.17.6&#8243; _module_preset=&#8221;default&#8221; animation_style=&#8221;slide&#8221; global_colors_info=&#8221;{}&#8221;][et_pb_text _builder_version=&#8221;4.17.4&#8243; _module_preset=&#8221;default&#8221; header_4_font=&#8221;|700|||||||&#8221; header_4_text_color=&#8221;#f39112&#8243; custom_margin=&#8221;||10px||false|false&#8221; global_colors_info=&#8221;{}&#8221;]<\/p>\n<h4>Vores mission<\/h4>\n<p>[\/et_pb_text][et_pb_text _builder_version=&#8221;4.17.4&#8243; _module_preset=&#8221;default&#8221; header_3_font=&#8221;|700|||||||&#8221; header_3_text_color=&#8221;#FFFFFF&#8221; header_3_font_size=&#8221;36px&#8221; custom_margin=&#8221;||0px||false|false&#8221; global_colors_info=&#8221;{}&#8221;]<\/p>\n<h3><span>Mission<\/span><\/h3>\n<p>[\/et_pb_text][et_pb_divider color=&#8221;#f39112&#8243; divider_weight=&#8221;4px&#8221; _builder_version=&#8221;4.17.4&#8243; _module_preset=&#8221;default&#8221; width=&#8221;10%&#8221; width_tablet=&#8221;20%&#8221; width_phone=&#8221;25%&#8221; width_last_edited=&#8221;on|tablet&#8221; custom_margin=&#8221;||0px||false|false&#8221; custom_padding=&#8221;15px||10px||false|false&#8221; global_colors_info=&#8221;{}&#8221;][\/et_pb_divider][et_pb_text _builder_version=&#8221;4.17.4&#8243; _module_preset=&#8221;default&#8221; text_text_color=&#8221;#FFFFFF&#8221; text_font_size=&#8221;18px&#8221; global_colors_info=&#8221;{}&#8221;]<\/p>\n<p>Vi tilbyder vores kunder uafh\u00e6ngige og intelligente komplette energil\u00f8sninger af h\u00f8j kvalitet. Vi g\u00e5r aldrig p\u00e5 kompromis med kvaliteten, da det ville kompromittere vores kunders investeringer.<\/p>\n<p>Vores fokus er altid at v\u00e6re markedsleder inden for kvalitet, innovation og ekspertise. Vi giver vores kunder en omfattende portef\u00f8lje sammen med fremtidsorienterede v\u00e6rkt\u00f8jer.<\/p>\n<p>Vi har entusiastiske, dedikerede og erfarne medarbejdere.<\/p>\n<p>[\/et_pb_text][\/et_pb_column][et_pb_column type=&#8221;1_2&#8243; _builder_version=&#8221;4.17.6&#8243; _module_preset=&#8221;default&#8221; animation_style=&#8221;slide&#8221; global_colors_info=&#8221;{}&#8221;][et_pb_text _builder_version=&#8221;4.17.4&#8243; _module_preset=&#8221;default&#8221; header_4_font=&#8221;|700|||||||&#8221; header_4_text_color=&#8221;#f39112&#8243; custom_margin=&#8221;||10px||false|false&#8221; global_colors_info=&#8221;{}&#8221;]<\/p>\n<h4>Vores v\u00e6rdier<\/h4>\n<p>[\/et_pb_text][et_pb_text _builder_version=&#8221;4.17.4&#8243; _module_preset=&#8221;default&#8221; header_3_font=&#8221;|700|||||||&#8221; header_3_text_color=&#8221;#FFFFFF&#8221; header_3_font_size=&#8221;36px&#8221; custom_margin=&#8221;||0px||false|false&#8221; animation_style=&#8221;fade&#8221; global_colors_info=&#8221;{}&#8221;]<\/p>\n<h3><span>V\u00e6rdier<\/span><\/h3>\n<p>[\/et_pb_text][et_pb_divider color=&#8221;#f39112&#8243; divider_weight=&#8221;4px&#8221; _builder_version=&#8221;4.17.4&#8243; _module_preset=&#8221;default&#8221; width=&#8221;10%&#8221; width_tablet=&#8221;20%&#8221; width_phone=&#8221;25%&#8221; width_last_edited=&#8221;on|phone&#8221; custom_margin=&#8221;||0px||false|false&#8221; custom_padding=&#8221;15px||10px||false|false&#8221; global_colors_info=&#8221;{}&#8221;][\/et_pb_divider][et_pb_text _builder_version=&#8221;4.17.4&#8243; _module_preset=&#8221;default&#8221; text_text_color=&#8221;#FFFFFF&#8221; text_font_size=&#8221;18px&#8221; global_colors_info=&#8221;{}&#8221;]<\/p>\n<p>Respekt og ansvar for vores planet og alt liv p\u00e5 den.<\/p>\n<p>Sikre adgang til \u00f8konomisk overkommelig, p\u00e5lidelig, b\u00e6redygtig og moderne energi.<\/p>\n<p>At behandle mennesker med oprigtighed og integritet i processen.<\/p>\n<p>At g\u00f8re en ekstraordin\u00e6r indsats for at v\u00e6re den bedste inden for vedvarende energi.<\/p>\n<p>[\/et_pb_text][\/et_pb_column][\/et_pb_row][\/et_pb_section][et_pb_section fb_built=&#8221;1&#8243; _builder_version=&#8221;4.18.0&#8243; _module_preset=&#8221;default&#8221; custom_padding=&#8221;60px||60px|||&#8221; hover_enabled=&#8221;0&#8243; global_colors_info=&#8221;{}&#8221; custom_padding_last_edited=&#8221;on|phone&#8221; custom_padding_phone=&#8221;50px||20px||false|false&#8221; sticky_enabled=&#8221;0&#8243; custom_padding_tablet=&#8221;60px||60px|||&#8221;][et_pb_row column_structure=&#8221;1_2,1_2&#8243; use_custom_gutter=&#8221;on&#8221; _builder_version=&#8221;4.17.6&#8243; _module_preset=&#8221;default&#8221; max_width=&#8221;80%&#8221; global_colors_info=&#8221;{}&#8221;][et_pb_column type=&#8221;1_2&#8243; _builder_version=&#8221;4.17.6&#8243; _module_preset=&#8221;default&#8221; global_colors_info=&#8221;{}&#8221;][et_pb_text _builder_version=&#8221;4.17.6&#8243; _module_preset=&#8221;default&#8221; header_4_font=&#8221;|700|||||||&#8221; header_4_text_color=&#8221;#f39112&#8243; custom_margin=&#8221;||5px||false|false&#8221; global_colors_info=&#8221;{}&#8221;]<\/p>\n<h4>Energisystem<\/h4>\n<p>[\/et_pb_text][et_pb_text _builder_version=&#8221;4.17.6&#8243; _module_preset=&#8221;default&#8221; header_3_font=&#8221;|700|||||||&#8221; header_3_font_size=&#8221;36px&#8221; custom_margin=&#8221;||0px||false|false&#8221; global_colors_info=&#8221;{}&#8221;]<\/p>\n<h3><strong>Konsulentservice<\/strong><\/h3>\n<p>[\/et_pb_text][et_pb_divider color=&#8221;#f39112&#8243; divider_weight=&#8221;4px&#8221; _builder_version=&#8221;4.17.4&#8243; _module_preset=&#8221;default&#8221; width=&#8221;15%&#8221; width_tablet=&#8221;15%&#8221; width_phone=&#8221;20%&#8221; width_last_edited=&#8221;on|phone&#8221; custom_margin=&#8221;||0px||false|false&#8221; custom_padding=&#8221;15px||10px||false|false&#8221; global_colors_info=&#8221;{}&#8221;][\/et_pb_divider][et_pb_text _builder_version=&#8221;4.17.6&#8243; _module_preset=&#8221;default&#8221; text_font_size=&#8221;18px&#8221; header_2_font=&#8221;|700|||||||&#8221; header_2_font_size=&#8221;36px&#8221; custom_padding=&#8221;||||false|false&#8221; global_colors_info=&#8221;{}&#8221;]<\/p>\n<p><span>Med vores brede ekspertise inden for vedvarende energi yder vi ogs\u00e5 r\u00e5dgivning fra vores energieksperter og ingeni\u00f8rer. <\/span><span>Denne service er specificeret til forsikringsselskaber, kommuner og regeringer. <\/span><\/p>\n<p><span>Dette bruges prim\u00e6rt til offentlige sol- og vindprojekter for kommuner og regeringer, men er ogs\u00e5 til andre energiomr\u00e5der som storskala varmepumpe- og termiske solenergiprojekter. <\/span><\/p>\n<p><span>Forsikringsselskaber bruger vores konsulentservice til deres komplicerede opgaver, hvor de ikke har den interne viden.<\/span><\/p>\n<p>[\/et_pb_text][\/et_pb_column][et_pb_column type=&#8221;1_2&#8243; _builder_version=&#8221;4.17.6&#8243; _module_preset=&#8221;default&#8221; global_colors_info=&#8221;{}&#8221;][et_pb_image src=&#8221;https:\/\/solenergi.com\/wp-content\/uploads\/2022\/06\/solar-panels-wind-turbines-generating-electricity-power-station-green-energy-renewable-with-blue-sky-natural-resource-conservation-concept.jpg&#8221; alt=&#8221;solenergi solpaneler&#8221; title_text=&#8221;solar-panels-wind-turbines-generating-electricity-power-station-green-energy-renewable-with-blue-sky-natural-resource-conservation-concept&#8221; align=&#8221;center&#8221; force_fullwidth=&#8221;on&#8221; _builder_version=&#8221;4.17.6&#8243; _module_preset=&#8221;default&#8221; animation_direction=&#8221;right&#8221; global_colors_info=&#8221;{}&#8221;][\/et_pb_image][\/et_pb_column][\/et_pb_row][\/et_pb_section][et_pb_section fb_built=&#8221;1&#8243; _builder_version=&#8221;4.18.0&#8243; _module_preset=&#8221;default&#8221; custom_padding=&#8221;60px||60px|||&#8221; hover_enabled=&#8221;0&#8243; global_colors_info=&#8221;{}&#8221; custom_padding_last_edited=&#8221;on|phone&#8221; custom_padding_phone=&#8221;20px||20px||false|false&#8221; sticky_enabled=&#8221;0&#8243; custom_padding_tablet=&#8221;60px||60px|||&#8221;][et_pb_row column_structure=&#8221;1_2,1_2&#8243; use_custom_gutter=&#8221;on&#8221; _builder_version=&#8221;4.17.6&#8243; _module_preset=&#8221;default&#8221; max_width=&#8221;80%&#8221; global_colors_info=&#8221;{}&#8221;][et_pb_column type=&#8221;1_2&#8243; _builder_version=&#8221;4.17.6&#8243; _module_preset=&#8221;default&#8221; global_colors_info=&#8221;{}&#8221;][et_pb_image src=&#8221;https:\/\/solenergi.com\/wp-content\/uploads\/2022\/06\/3d-rendering-solar-power-generation-technology-alternative-energy-solar-battery-panel-modules-with-blue-sky.jpg&#8221; title_text=&#8221;3d-gengivelse-solenergi-generering-teknologi-alternativ-energi-sol-batteri-panel-moduler-med-bl\u00e5 himmel&#8221; align=&#8221;center&#8221; force_fullwidth=&#8221;on&#8221; _builder_version=&#8221;4.17.6&#8243; _module_preset=&#8221;default&#8221; animation_direction=&#8221;right&#8221; global_colors_info=&#8221;{}&#8221;][\/et_pb_image][\/et_pb_column][et_pb_column type=&#8221;1_2&#8243; _builder_version=&#8221;4.17.6&#8243; _module_preset=&#8221;default&#8221; animation_direction=&#8221;right&#8221; global_colors_info=&#8221;{}&#8221;][et_pb_text _builder_version=&#8221;4.17.4&#8243; _module_preset=&#8221;default&#8221; header_4_font=&#8221;|700|||||||&#8221; header_4_text_color=&#8221;#f39112&#8243; custom_margin=&#8221;||5px||false|false&#8221; global_colors_info=&#8221;{}&#8221;]<\/p>\n<h4>Energisystem<\/h4>\n<p>[\/et_pb_text][et_pb_text _builder_version=&#8221;4.17.4&#8243; _module_preset=&#8221;default&#8221; header_3_font=&#8221;|700|||||||&#8221; header_3_font_size=&#8221;36px&#8221; custom_margin=&#8221;||0px||false|false&#8221; global_colors_info=&#8221;{}&#8221;]<\/p>\n<h3><strong>Virksomhedsansvar<\/strong><\/h3>\n<p>[\/et_pb_text][et_pb_divider color=&#8221;#f39112&#8243; divider_weight=&#8221;4px&#8221; _builder_version=&#8221;4.17.4&#8243; _module_preset=&#8221;default&#8221; width=&#8221;15%&#8221; width_tablet=&#8221;15%&#8221; width_phone=&#8221;20%&#8221; width_last_edited=&#8221;on|phone&#8221; custom_margin=&#8221;||0px||false|false&#8221; custom_padding=&#8221;15px||10px||false|false&#8221; global_colors_info=&#8221;{}&#8221;][\/et_pb_divider][et_pb_text _builder_version=&#8221;4.17.4&#8243; _module_preset=&#8221;default&#8221; text_font_size=&#8221;18px&#8221; header_2_font=&#8221;|700|||||||&#8221; header_2_font_size=&#8221;36px&#8221; custom_padding=&#8221;||||false|false&#8221; global_colors_info=&#8221;{}&#8221;]<\/p>\n<p>Sol og vind er i dag den billigste energiform og hermed kan vi \u00e6ndre verden. I \u00f8jeblikket kommer kun <strong>2-3 %<\/strong> af den globale energiproduktion fra disse to teknologier. St\u00f8rstedelen af energien kommer fra afbr\u00e6nding af kul, olie og andre fossile br\u00e6ndstoffer, som vi skal erstatte med gr\u00f8nne alternativer.<\/p>\n<p>At \u00e6ndre vores verden til gr\u00f8n energi er ikke noget, vi kan overlade til vores b\u00f8rn eller b\u00f8rneb\u00f8rn at hente. Vi er allerede langt bagud, og hvis vi ikke handler nu, vil verden v\u00e6re ubeboelig for fremtidige generationer.<\/p>\n<p>Hos Solenergi g\u00f8r vi vores yderste for denne overgang til vedvarende energi og opfordrer ligeledes dig til at arbejde sammen med os og opbygge en fremtid med b\u00e6redygtig energi som verdens prim\u00e6re energikilde.<\/p>\n<p>[\/et_pb_text][\/et_pb_column][\/et_pb_row][\/et_pb_section]<\/p>\n","protected":false},"excerpt":{"rendered":"<p>Om Solenergi DanmarkEnergiprojekter siden 2003Vi er fokuseret p\u00e5 konsekvent, b\u00e6redygtigt og succesfuldt at levere energil\u00f8sninger til at bek\u00e6mpe forurening og klima\u00e6ndringer og skabe et rent fossilfrit samfund og fremtid for vores b\u00f8rn og b\u00f8rneb\u00f8rn.<div class=\"et_pb_module dsm_button dsm_button_0 et_pb_bg_layout_light\">\n\t\t\t\t\n\t\t\t\t\n\t\t\t\t\n\t\t\t\t\n\t\t\t\t\n\t\t\t\t\n\t\t\t\t<div class=\"et_pb_module_inner\">\n\t\t\t\t\t<div class=\"et_pb_button_module_wrappers dsm_button_0_wrapper  et_pb_module\">\n\t\t\t\t<a class=\"et_pb_button et_pb_button_one et_pb_bg_layout_light dsm-none \"  href=\"https:\/\/solenergi.com\/da\/kontakt\/\" data-dsm-lightbox-id=\"dsm_button_one_lightbox dsm_button_0\">Kontakt os<\/a>\n\t\t\t<\/div>\n\t\t\t\t<\/div>\n\t\t\t<\/div>Hvem er vi?Solenergi Danmark er indbegrebet [&hellip;]<\/p>\n","protected":false},"author":1,"featured_media":0,"parent":0,"menu_order":0,"comment_status":"closed","ping_status":"closed","template":"","meta":{"_et_pb_use_builder":"on","_et_pb_old_content":"","_et_gb_content_width":"","inline_featured_image":false,"footnotes":""},"yoast_head":"<!-- This site is optimized with the Yoast SEO plugin v22.5 - https:\/\/yoast.com\/wordpress\/plugins\/seo\/ -->\n<title>Om Os | Solenergi Danmark | Global provider since 2003<\/title>\n<meta name=\"description\" content=\"Solenergi Danmark er indbegrebet af kvalitet, og vi har formet fremtidens energiforsyning sammen med vores kunder og partnere.\" \/>\n<meta name=\"robots\" content=\"index, follow, max-snippet:-1, max-image-preview:large, max-video-preview:-1\" \/>\n<link rel=\"canonical\" href=\"https:\/\/solenergi.com\/da\/om-os\/\" \/>\n<meta property=\"og:locale\" content=\"da_DK\" \/>\n<meta property=\"og:type\" content=\"article\" \/>\n<meta property=\"og:title\" content=\"Om Os | Solenergi Danmark | Global provider since 2003\" \/>\n<meta property=\"og:description\" content=\"Solenergi Danmark er indbegrebet af kvalitet, og vi har formet fremtidens energiforsyning sammen med vores kunder og partnere.\" \/>\n<meta property=\"og:url\" content=\"https:\/\/solenergi.com\/da\/om-os\/\" \/>\n<meta property=\"og:site_name\" content=\"Solenergi Danmark\" \/>\n<meta property=\"article:publisher\" content=\"https:\/\/www.facebook.com\/SolenergiDanmark\" \/>\n<meta property=\"article:modified_time\" content=\"2022-08-24T12:31:51+00:00\" \/>\n<meta name=\"twitter:card\" content=\"summary_large_image\" \/>\n<meta name=\"twitter:label1\" content=\"Estimeret l\u00e6setid\" \/>\n\t<meta name=\"twitter:data1\" content=\"9 minutter\" \/>\n<script type=\"application\/ld+json\" class=\"yoast-schema-graph\">{\"@context\":\"https:\/\/schema.org\",\"@graph\":[{\"@type\":\"WebPage\",\"@id\":\"https:\/\/solenergi.com\/da\/om-os\/\",\"url\":\"https:\/\/solenergi.com\/da\/om-os\/\",\"name\":\"Om Os | Solenergi Danmark | Global provider since 2003\",\"isPartOf\":{\"@id\":\"https:\/\/solenergi.com\/da\/#website\"},\"datePublished\":\"2022-06-23T07:39:27+00:00\",\"dateModified\":\"2022-08-24T12:31:51+00:00\",\"description\":\"Solenergi Danmark er indbegrebet af kvalitet, og vi har formet fremtidens energiforsyning sammen med vores kunder og partnere.\",\"breadcrumb\":{\"@id\":\"https:\/\/solenergi.com\/da\/om-os\/#breadcrumb\"},\"inLanguage\":\"da-DK\",\"potentialAction\":[{\"@type\":\"ReadAction\",\"target\":[\"https:\/\/solenergi.com\/da\/om-os\/\"]}]},{\"@type\":\"BreadcrumbList\",\"@id\":\"https:\/\/solenergi.com\/da\/om-os\/#breadcrumb\",\"itemListElement\":[{\"@type\":\"ListItem\",\"position\":1,\"name\":\"Hjem\",\"item\":\"https:\/\/solenergi.com\/da\/\"},{\"@type\":\"ListItem\",\"position\":2,\"name\":\"Om Os\"}]},{\"@type\":\"WebSite\",\"@id\":\"https:\/\/solenergi.com\/da\/#website\",\"url\":\"https:\/\/solenergi.com\/da\/\",\"name\":\"Solenergi Danmark\",\"description\":\"\",\"potentialAction\":[{\"@type\":\"SearchAction\",\"target\":{\"@type\":\"EntryPoint\",\"urlTemplate\":\"https:\/\/solenergi.com\/da\/?s={search_term_string}\"},\"query-input\":\"required name=search_term_string\"}],\"inLanguage\":\"da-DK\"}]}<\/script>\n<!-- \/ Yoast SEO plugin. -->","yoast_head_json":{"title":"Om Os | Solenergi Danmark | Global provider since 2003","description":"Solenergi Danmark er indbegrebet af kvalitet, og vi har formet fremtidens energiforsyning sammen med vores kunder og partnere.","robots":{"index":"index","follow":"follow","max-snippet":"max-snippet:-1","max-image-preview":"max-image-preview:large","max-video-preview":"max-video-preview:-1"},"canonical":"https:\/\/solenergi.com\/da\/om-os\/","og_locale":"da_DK","og_type":"article","og_title":"Om Os | Solenergi Danmark | Global provider since 2003","og_description":"Solenergi Danmark er indbegrebet af kvalitet, og vi har formet fremtidens energiforsyning sammen med vores kunder og partnere.","og_url":"https:\/\/solenergi.com\/da\/om-os\/","og_site_name":"Solenergi Danmark","article_publisher":"https:\/\/www.facebook.com\/SolenergiDanmark","article_modified_time":"2022-08-24T12:31:51+00:00","twitter_card":"summary_large_image","twitter_misc":{"Estimeret l\u00e6setid":"9 minutter"},"schema":{"@context":"https:\/\/schema.org","@graph":[{"@type":"WebPage","@id":"https:\/\/solenergi.com\/da\/om-os\/","url":"https:\/\/solenergi.com\/da\/om-os\/","name":"Om Os | Solenergi Danmark | Global provider since 2003","isPartOf":{"@id":"https:\/\/solenergi.com\/da\/#website"},"datePublished":"2022-06-23T07:39:27+00:00","dateModified":"2022-08-24T12:31:51+00:00","description":"Solenergi Danmark er indbegrebet af kvalitet, og vi har formet fremtidens energiforsyning sammen med vores kunder og partnere.","breadcrumb":{"@id":"https:\/\/solenergi.com\/da\/om-os\/#breadcrumb"},"inLanguage":"da-DK","potentialAction":[{"@type":"ReadAction","target":["https:\/\/solenergi.com\/da\/om-os\/"]}]},{"@type":"BreadcrumbList","@id":"https:\/\/solenergi.com\/da\/om-os\/#breadcrumb","itemListElement":[{"@type":"ListItem","position":1,"name":"Hjem","item":"https:\/\/solenergi.com\/da\/"},{"@type":"ListItem","position":2,"name":"Om Os"}]},{"@type":"WebSite","@id":"https:\/\/solenergi.com\/da\/#website","url":"https:\/\/solenergi.com\/da\/","name":"Solenergi Danmark","description":"","potentialAction":[{"@type":"SearchAction","target":{"@type":"EntryPoint","urlTemplate":"https:\/\/solenergi.com\/da\/?s={search_term_string}"},"query-input":"required name=search_term_string"}],"inLanguage":"da-DK"}]}},"jetpack_sharing_enabled":true,"_links":{"self":[{"href":"https:\/\/solenergi.com\/da\/wp-json\/wp\/v2\/pages\/494"}],"collection":[{"href":"https:\/\/solenergi.com\/da\/wp-json\/wp\/v2\/pages"}],"about":[{"href":"https:\/\/solenergi.com\/da\/wp-json\/wp\/v2\/types\/page"}],"author":[{"embeddable":true,"href":"https:\/\/solenergi.com\/da\/wp-json\/wp\/v2\/users\/1"}],"replies":[{"embeddable":true,"href":"https:\/\/solenergi.com\/da\/wp-json\/wp\/v2\/comments?post=494"}],"version-history":[{"count":8,"href":"https:\/\/solenergi.com\/da\/wp-json\/wp\/v2\/pages\/494\/revisions"}],"predecessor-version":[{"id":600,"href":"https:\/\/solenergi.com\/da\/wp-json\/wp\/v2\/pages\/494\/revisions\/600"}],"wp:attachment":[{"href":"https:\/\/solenergi.com\/da\/wp-json\/wp\/v2\/media?parent=494"}],"curies":[{"name":"wp","href":"https:\/\/api.w.org\/{rel}","templated":true}]}}