{"id":478,"date":"2022-07-12T09:58:14","date_gmt":"2022-07-12T07:58:14","guid":{"rendered":"https:\/\/solenergi.com\/shop-2\/"},"modified":"2022-08-18T10:20:30","modified_gmt":"2022-08-18T08:20:30","slug":"shop-2","status":"publish","type":"page","link":"https:\/\/solenergi.com\/da\/shop-2\/","title":{"rendered":"Shop"},"content":{"rendered":"<p>[et_pb_section fb_built=&#8221;1&#8243; _builder_version=&#8221;4.18.0&#8243; _module_preset=&#8221;default&#8221; background_color=&#8221;rgba(0,0,0,0.5)&#8221; background_image=&#8221;https:\/\/solenergi.com\/wp-content\/uploads\/2022\/06\/Panel-stor.jpg&#8221; background_blend=&#8221;multiply&#8221; custom_padding=&#8221;200px||180px||false|false&#8221; bottom_divider_style=&#8221;arrow2&#8243; bottom_divider_color=&#8221;#FFFFFF&#8221; hover_enabled=&#8221;0&#8243; global_colors_info=&#8221;{}&#8221; custom_padding_last_edited=&#8221;on|phone&#8221; sticky_enabled=&#8221;0&#8243; custom_padding_phone=&#8221;150px||150px||false|false&#8221; custom_padding_tablet=&#8221;200px||180px||false|false&#8221;][et_pb_row column_structure=&#8221;1_2,1_2&#8243; _builder_version=&#8221;4.17.6&#8243; _module_preset=&#8221;default&#8221; global_colors_info=&#8221;{}&#8221;][et_pb_column type=&#8221;1_2&#8243; _builder_version=&#8221;4.17.6&#8243; _module_preset=&#8221;default&#8221; global_colors_info=&#8221;{}&#8221;][et_pb_text _builder_version=&#8221;4.17.6&#8243; _module_preset=&#8221;default&#8221; header_2_font=&#8221;|||on|||||&#8221; header_2_text_color=&#8221;#f39112&#8243; custom_margin=&#8221;||10px||false|false&#8221; global_colors_info=&#8221;{}&#8221;]<\/p>\n<h2>Shop<\/h2>\n<p>[\/et_pb_text][et_pb_text _builder_version=&#8221;4.18.0&#8243; _module_preset=&#8221;default&#8221; header_font=&#8221;|700|||||||&#8221; header_text_color=&#8221;#FFFFFF&#8221; header_font_size=&#8221;50px&#8221; custom_margin=&#8221;||0px||false|false&#8221; hover_enabled=&#8221;0&#8243; global_colors_info=&#8221;{}&#8221; sticky_enabled=&#8221;0&#8243; header_font_size_last_edited=&#8221;on|phone&#8221; header_font_size_phone=&#8221;36px&#8221; header_font_size_tablet=&#8221;50px&#8221;]<\/p>\n<h1 class=\"et_pb_module_header et-fb-editable-element et-fb-editable-element__editing\" data-shortcode-id=\"1.0-1654594627786\" data-quickaccess-id=\"title\" contenteditable=\"true\">VORES PRODUKTER TIL BEDRE FREMTID<\/h1>\n<p>[\/et_pb_text][et_pb_divider color=&#8221;#f39112&#8243; divider_weight=&#8221;4px&#8221; _builder_version=&#8221;4.17.4&#8243; _module_preset=&#8221;default&#8221; width=&#8221;20%&#8221; custom_margin=&#8221;||0px||false|false&#8221; custom_padding=&#8221;15px||10px||false|false&#8221; global_colors_info=&#8221;{}&#8221;][\/et_pb_divider][et_pb_text _builder_version=&#8221;4.17.6&#8243; _module_preset=&#8221;default&#8221; text_text_color=&#8221;#FFFFFF&#8221; text_font_size=&#8221;18px&#8221; global_colors_info=&#8221;{}&#8221;]<\/p>\n<p>K\u00f8b dine solpaneler til den bedste pris. Vi tilbyder solpaneler til de bedste priser for at g\u00f8re vedvarende energi tilg\u00e6ngelig for alle. Vi har de bedste m\u00e6rker af solpaneler tilg\u00e6ngelige p\u00e5 markedet i h\u00f8j kvalitet til eget forbrug eller off grid systemer.<\/p>\n<p>[\/et_pb_text][dsm_button button_one_text=&#8221;Kontakt os&#8221; _builder_version=&#8221;4.17.4&#8243; _module_preset=&#8221;default&#8221; custom_button_one=&#8221;on&#8221; button_one_text_color=&#8221;#FFFFFF&#8221; button_one_bg_color=&#8221;#f39112&#8243; button_one_border_width=&#8221;0px&#8221; button_one_border_radius=&#8221;25px&#8221; custom_button_two=&#8221;on&#8221; button_two_text_color=&#8221;#FFFFFF&#8221; button_two_bg_color=&#8221;#f39112&#8243; button_two_border_width=&#8221;0px&#8221; button_two_border_radius=&#8221;25px&#8221; global_colors_info=&#8221;{}&#8221;][\/dsm_button][\/et_pb_column][et_pb_column type=&#8221;1_2&#8243; _builder_version=&#8221;4.17.4&#8243; _module_preset=&#8221;default&#8221; global_colors_info=&#8221;{}&#8221;][\/et_pb_column][\/et_pb_row][\/et_pb_section][et_pb_section fb_built=&#8221;1&#8243; _builder_version=&#8221;4.17.4&#8243; _module_preset=&#8221;default&#8221; custom_padding=&#8221;80px||80px|||&#8221; global_colors_info=&#8221;{}&#8221;][et_pb_row column_structure=&#8221;1_4,3_4&#8243; _builder_version=&#8221;4.17.4&#8243; _module_preset=&#8221;default&#8221; global_colors_info=&#8221;{}&#8221;][et_pb_column type=&#8221;1_4&#8243; _builder_version=&#8221;4.17.4&#8243; _module_preset=&#8221;default&#8221; global_colors_info=&#8221;{}&#8221;][et_pb_sidebar area=&#8221;sidebar-2&#8243; _builder_version=&#8221;4.17.4&#8243; _module_preset=&#8221;default&#8221; text_orientation=&#8221;left&#8221; global_colors_info=&#8221;{}&#8221;][\/et_pb_sidebar][\/et_pb_column][et_pb_column type=&#8221;3_4&#8243; _builder_version=&#8221;4.17.4&#8243; _module_preset=&#8221;default&#8221; global_colors_info=&#8221;{}&#8221;][et_pb_shop show_pagination=&#8221;on&#8221; columns_number=&#8221;3&#8243; icon_hover_color=&#8221;#f39112&#8243; show_rating=&#8221;off&#8221; _builder_version=&#8221;4.17.4&#8243; _module_preset=&#8221;default&#8221; title_font=&#8221;|700|||||||&#8221; title_text_align=&#8221;center&#8221; title_text_color=&#8221;#000000&#8243; title_font_size=&#8221;16px&#8221; price_font=&#8221;|700|||||||&#8221; price_text_align=&#8221;center&#8221; price_text_color=&#8221;#f39112&#8243; price_font_size=&#8221;16px&#8221; global_colors_info=&#8221;{}&#8221;][\/et_pb_shop][\/et_pb_column][\/et_pb_row][\/et_pb_section]<\/p>\n","protected":false},"excerpt":{"rendered":"<p>ShopVORES PRODUKTER TIL BEDRE FREMTIDK\u00f8b dine solpaneler til den bedste pris. Vi tilbyder solpaneler til de bedste priser for at g\u00f8re vedvarende energi tilg\u00e6ngelig for alle. Vi har de bedste m\u00e6rker af solpaneler tilg\u00e6ngelige p\u00e5 markedet i h\u00f8j kvalitet til eget forbrug eller off grid systemer.<div class=\"et_pb_module dsm_button dsm_button_0 et_pb_bg_layout_light\">\n\t\t\t\t\n\t\t\t\t\n\t\t\t\t\n\t\t\t\t\n\t\t\t\t\n\t\t\t\t\n\t\t\t\t<div class=\"et_pb_module_inner\">\n\t\t\t\t\t<div class=\"et_pb_button_module_wrappers dsm_button_0_wrapper  et_pb_module\">\n\t\t\t\t<a class=\"et_pb_button et_pb_button_one et_pb_bg_layout_light dsm-none \"  href=\"\" data-dsm-lightbox-id=\"dsm_button_one_lightbox dsm_button_0\">&#8221;Kontakt<\/a>\n\t\t\t<\/div>\n\t\t\t\t<\/div>\n\t\t\t<\/div><\/p>\n","protected":false},"author":1,"featured_media":0,"parent":0,"menu_order":0,"comment_status":"closed","ping_status":"closed","template":"","meta":{"_et_pb_use_builder":"on","_et_pb_old_content":"","_et_gb_content_width":"","inline_featured_image":false,"footnotes":""},"yoast_head":"<!-- This site is optimized with the Yoast SEO plugin v22.5 - https:\/\/yoast.com\/wordpress\/plugins\/seo\/ -->\n<title>Shop | Solenergi Danmark<\/title>\n<meta name=\"robots\" content=\"index, follow, max-snippet:-1, max-image-preview:large, max-video-preview:-1\" \/>\n<link rel=\"canonical\" href=\"https:\/\/solenergi.com\/da\/shop-2\/\" \/>\n<meta property=\"og:locale\" content=\"da_DK\" \/>\n<meta property=\"og:type\" content=\"article\" \/>\n<meta property=\"og:title\" content=\"Shop | Solenergi Danmark\" \/>\n<meta property=\"og:description\" content=\"ShopVORES PRODUKTER TIL BEDRE FREMTIDK\u00f8b dine solpaneler til den bedste pris. Vi tilbyder solpaneler til de bedste priser for at g\u00f8re vedvarende energi tilg\u00e6ngelig for alle. Vi har de bedste m\u00e6rker af solpaneler tilg\u00e6ngelige p\u00e5 markedet i h\u00f8j kvalitet til eget forbrug eller off grid systemer.\" \/>\n<meta property=\"og:url\" content=\"https:\/\/solenergi.com\/da\/shop-2\/\" \/>\n<meta property=\"og:site_name\" content=\"Solenergi Danmark\" \/>\n<meta property=\"article:publisher\" content=\"https:\/\/www.facebook.com\/SolenergiDanmark\" \/>\n<meta property=\"article:modified_time\" content=\"2022-08-18T08:20:30+00:00\" \/>\n<meta name=\"twitter:card\" content=\"summary_large_image\" \/>\n<meta name=\"twitter:label1\" content=\"Estimeret l\u00e6setid\" \/>\n\t<meta name=\"twitter:data1\" content=\"3 minutter\" \/>\n<script type=\"application\/ld+json\" class=\"yoast-schema-graph\">{\"@context\":\"https:\/\/schema.org\",\"@graph\":[{\"@type\":\"WebPage\",\"@id\":\"https:\/\/solenergi.com\/da\/shop-2\/\",\"url\":\"https:\/\/solenergi.com\/da\/shop-2\/\",\"name\":\"Shop | Solenergi Danmark\",\"isPartOf\":{\"@id\":\"https:\/\/solenergi.com\/da\/#website\"},\"datePublished\":\"2022-07-12T07:58:14+00:00\",\"dateModified\":\"2022-08-18T08:20:30+00:00\",\"breadcrumb\":{\"@id\":\"https:\/\/solenergi.com\/da\/shop-2\/#breadcrumb\"},\"inLanguage\":\"da-DK\",\"potentialAction\":[{\"@type\":\"ReadAction\",\"target\":[\"https:\/\/solenergi.com\/da\/shop-2\/\"]}]},{\"@type\":\"BreadcrumbList\",\"@id\":\"https:\/\/solenergi.com\/da\/shop-2\/#breadcrumb\",\"itemListElement\":[{\"@type\":\"ListItem\",\"position\":1,\"name\":\"Hjem\",\"item\":\"https:\/\/solenergi.com\/da\/\"},{\"@type\":\"ListItem\",\"position\":2,\"name\":\"Shop\"}]},{\"@type\":\"WebSite\",\"@id\":\"https:\/\/solenergi.com\/da\/#website\",\"url\":\"https:\/\/solenergi.com\/da\/\",\"name\":\"Solenergi Danmark\",\"description\":\"\",\"potentialAction\":[{\"@type\":\"SearchAction\",\"target\":{\"@type\":\"EntryPoint\",\"urlTemplate\":\"https:\/\/solenergi.com\/da\/?s={search_term_string}\"},\"query-input\":\"required name=search_term_string\"}],\"inLanguage\":\"da-DK\"}]}<\/script>\n<!-- \/ Yoast SEO plugin. -->","yoast_head_json":{"title":"Shop | Solenergi Danmark","robots":{"index":"index","follow":"follow","max-snippet":"max-snippet:-1","max-image-preview":"max-image-preview:large","max-video-preview":"max-video-preview:-1"},"canonical":"https:\/\/solenergi.com\/da\/shop-2\/","og_locale":"da_DK","og_type":"article","og_title":"Shop | Solenergi Danmark","og_description":"ShopVORES PRODUKTER TIL BEDRE FREMTIDK\u00f8b dine solpaneler til den bedste pris. Vi tilbyder solpaneler til de bedste priser for at g\u00f8re vedvarende energi tilg\u00e6ngelig for alle. Vi har de bedste m\u00e6rker af solpaneler tilg\u00e6ngelige p\u00e5 markedet i h\u00f8j kvalitet til eget forbrug eller off grid systemer.","og_url":"https:\/\/solenergi.com\/da\/shop-2\/","og_site_name":"Solenergi Danmark","article_publisher":"https:\/\/www.facebook.com\/SolenergiDanmark","article_modified_time":"2022-08-18T08:20:30+00:00","twitter_card":"summary_large_image","twitter_misc":{"Estimeret l\u00e6setid":"3 minutter"},"schema":{"@context":"https:\/\/schema.org","@graph":[{"@type":"WebPage","@id":"https:\/\/solenergi.com\/da\/shop-2\/","url":"https:\/\/solenergi.com\/da\/shop-2\/","name":"Shop | Solenergi Danmark","isPartOf":{"@id":"https:\/\/solenergi.com\/da\/#website"},"datePublished":"2022-07-12T07:58:14+00:00","dateModified":"2022-08-18T08:20:30+00:00","breadcrumb":{"@id":"https:\/\/solenergi.com\/da\/shop-2\/#breadcrumb"},"inLanguage":"da-DK","potentialAction":[{"@type":"ReadAction","target":["https:\/\/solenergi.com\/da\/shop-2\/"]}]},{"@type":"BreadcrumbList","@id":"https:\/\/solenergi.com\/da\/shop-2\/#breadcrumb","itemListElement":[{"@type":"ListItem","position":1,"name":"Hjem","item":"https:\/\/solenergi.com\/da\/"},{"@type":"ListItem","position":2,"name":"Shop"}]},{"@type":"WebSite","@id":"https:\/\/solenergi.com\/da\/#website","url":"https:\/\/solenergi.com\/da\/","name":"Solenergi Danmark","description":"","potentialAction":[{"@type":"SearchAction","target":{"@type":"EntryPoint","urlTemplate":"https:\/\/solenergi.com\/da\/?s={search_term_string}"},"query-input":"required name=search_term_string"}],"inLanguage":"da-DK"}]}},"jetpack_sharing_enabled":true,"_links":{"self":[{"href":"https:\/\/solenergi.com\/da\/wp-json\/wp\/v2\/pages\/478"}],"collection":[{"href":"https:\/\/solenergi.com\/da\/wp-json\/wp\/v2\/pages"}],"about":[{"href":"https:\/\/solenergi.com\/da\/wp-json\/wp\/v2\/types\/page"}],"author":[{"embeddable":true,"href":"https:\/\/solenergi.com\/da\/wp-json\/wp\/v2\/users\/1"}],"replies":[{"embeddable":true,"href":"https:\/\/solenergi.com\/da\/wp-json\/wp\/v2\/comments?post=478"}],"version-history":[{"count":7,"href":"https:\/\/solenergi.com\/da\/wp-json\/wp\/v2\/pages\/478\/revisions"}],"predecessor-version":[{"id":572,"href":"https:\/\/solenergi.com\/da\/wp-json\/wp\/v2\/pages\/478\/revisions\/572"}],"wp:attachment":[{"href":"https:\/\/solenergi.com\/da\/wp-json\/wp\/v2\/media?parent=478"}],"curies":[{"name":"wp","href":"https:\/\/api.w.org\/{rel}","templated":true}]}}